{"id":2327,"date":"2023-12-20T16:10:11","date_gmt":"2023-12-20T15:10:11","guid":{"rendered":"https:\/\/staging.arenapark.ch\/contact\/"},"modified":"2024-01-25T14:55:29","modified_gmt":"2024-01-25T13:55:29","slug":"contact","status":"publish","type":"page","link":"https:\/\/staging.arenapark.ch\/en\/contact\/","title":{"rendered":"Contact"},"content":{"rendered":"\t\t<div data-elementor-type=\"wp-page\" data-elementor-id=\"2327\" class=\"elementor elementor-2327 elementor-1573\" data-elementor-post-type=\"page\">\n\t\t\t\t<div class=\"elementor-element elementor-element-92474df e-flex e-con-boxed e-con e-parent\" data-id=\"92474df\" data-element_type=\"container\" data-settings=\"{&quot;background_background&quot;:&quot;classic&quot;}\">\n\t\t\t\t\t<div class=\"e-con-inner\">\n\t\t<div class=\"elementor-element elementor-element-12737d2 e-flex e-con-boxed e-con e-child\" data-id=\"12737d2\" data-element_type=\"container\">\n\t\t\t\t\t<div class=\"e-con-inner\">\n\t\t\t\t<div class=\"elementor-element elementor-element-1e0b033 elementor-widget elementor-widget-heading\" data-id=\"1e0b033\" data-element_type=\"widget\" data-widget_type=\"heading.default\">\n\t\t\t\t<div class=\"elementor-widget-container\">\n\t\t\t\t\t<h1 class=\"elementor-heading-title elementor-size-default\">Contact us<\/h1>\t\t\t\t<\/div>\n\t\t\t\t<\/div>\n\t\t\t\t<div class=\"elementor-element elementor-element-0a18e40 elementor-widget elementor-widget-text-editor\" data-id=\"0a18e40\" data-element_type=\"widget\" data-widget_type=\"text-editor.default\">\n\t\t\t\t<div class=\"elementor-widget-container\">\n\t\t\t\t\t\t\t\t\t<p> If you have any questions, please fill in our contact form. Our customer service team will get back to you as soon as possible.<\/p>\n\t\t\t\t\t\t\t\t<\/div>\n\t\t\t\t<\/div>\n\t\t\t\t\t<\/div>\n\t\t\t\t<\/div>\n\t\t\t\t\t<\/div>\n\t\t\t\t<\/div>\n\t\t<div class=\"elementor-element elementor-element-1fa004b e-flex e-con-boxed e-con e-parent\" data-id=\"1fa004b\" data-element_type=\"container\">\n\t\t\t\t\t<div class=\"e-con-inner\">\n\t\t\t\t<div class=\"elementor-element elementor-element-b084287 elementor-widget elementor-widget-wpforms\" data-id=\"b084287\" data-element_type=\"widget\" data-widget_type=\"wpforms.default\">\n\t\t\t\t<div class=\"elementor-widget-container\">\n\t\t\t\t\t<style id=\"wpforms-css-vars-elementor-widget-b084287\">\n\t\t\t\t.elementor-widget-wpforms.elementor-element-b084287 {\n\t\t\t\t--wpforms-field-border-radius: 4px;\n--wpforms-button-border-radius: 0px;\n--wpforms-field-size-input-height: 50px;\n--wpforms-field-size-input-spacing: 20px;\n--wpforms-field-size-font-size: 18px;\n--wpforms-field-size-line-height: 21px;\n--wpforms-field-size-padding-h: 14px;\n--wpforms-field-size-checkbox-size: 18px;\n--wpforms-field-size-sublabel-spacing: 10px;\n--wpforms-field-size-icon-size: 1.25;\n--wpforms-label-size-font-size: 16px;\n--wpforms-label-size-line-height: 19px;\n--wpforms-label-size-sublabel-font-size: 14px;\n--wpforms-label-size-sublabel-line-height: 17px;\n--wpforms-button-size-font-size: 20px;\n--wpforms-button-size-height: 48px;\n--wpforms-button-size-padding-h: 20px;\n--wpforms-button-size-margin-top: 15px;\n\n\t\t\t}\n\t\t\t<\/style><div class=\"wpforms-container wpforms-container-full wpforms-render-modern\" id=\"wpforms-1578\"><form id=\"wpforms-form-1578\" class=\"wpforms-validate wpforms-form wpforms-ajax-form\" data-formid=\"1578\" method=\"post\" enctype=\"multipart\/form-data\" action=\"\/en\/wp-json\/wp\/v2\/pages\/2327\" data-token=\"610547f5d61f9b4e72f5f111654d749f\" data-token-time=\"1776772350\"><noscript class=\"wpforms-error-noscript\">Please enable JavaScript in your browser to complete this form.<\/noscript><div class=\"wpforms-hidden\" id=\"wpforms-error-noscript\">Please enable JavaScript in your browser to complete this form.<\/div><div class=\"wpforms-field-container\"><div id=\"wpforms-1578-field_1-container\" class=\"wpforms-field wpforms-field-name\" data-field-id=\"1\"><fieldset><legend class=\"wpforms-field-label\">First and last name <span class=\"wpforms-required-label\" aria-hidden=\"true\">*<\/span><\/legend><div class=\"wpforms-field-row wpforms-field-large\"><div class=\"wpforms-field-row-block wpforms-first wpforms-one-half\"><input type=\"text\" id=\"wpforms-1578-field_1\" class=\"wpforms-field-name-first wpforms-field-required\" name=\"wpforms[fields][1][first]\" placeholder=\"First name\" aria-errormessage=\"wpforms-1578-field_1-error\" required><label for=\"wpforms-1578-field_1\" class=\"wpforms-field-sublabel after wpforms-sublabel-hide\">First<\/label><\/div><div class=\"wpforms-field-row-block wpforms-one-half\"><input type=\"text\" id=\"wpforms-1578-field_1-last\" class=\"wpforms-field-name-last wpforms-field-required\" name=\"wpforms[fields][1][last]\" placeholder=\"Name\" aria-errormessage=\"wpforms-1578-field_1-last-error\" required><label for=\"wpforms-1578-field_1-last\" class=\"wpforms-field-sublabel after wpforms-sublabel-hide\">Last<\/label><\/div><\/div><\/fieldset><\/div><div id=\"wpforms-1578-field_2-container\" class=\"wpforms-field wpforms-field-email\" data-field-id=\"2\"><label class=\"wpforms-field-label\" for=\"wpforms-1578-field_2\">Email address <span class=\"wpforms-required-label\" aria-hidden=\"true\">*<\/span><\/label><input type=\"email\" id=\"wpforms-1578-field_2\" class=\"wpforms-field-large wpforms-field-required\" name=\"wpforms[fields][2]\" placeholder=\"E-mail\" spellcheck=\"false\" aria-errormessage=\"wpforms-1578-field_2-error\" required><\/div><div id=\"wpforms-1578-field_4-container\" class=\"wpforms-field wpforms-field-phone\" data-field-id=\"4\"><label class=\"wpforms-field-label\" for=\"wpforms-1578-field_4\">Phone number <span class=\"wpforms-required-label\" aria-hidden=\"true\">*<\/span><\/label><input type=\"tel\" id=\"wpforms-1578-field_4\" class=\"wpforms-field-large wpforms-field-required wpforms-smart-phone-field\" data-rule-smart-phone-field=\"true\" name=\"wpforms[fields][4]\" placeholder=\"Phone number\" aria-label=\"Phone number\" aria-errormessage=\"wpforms-1578-field_4-error\" required><\/div><div id=\"wpforms-1578-field_3-container\" class=\"wpforms-field wpforms-field-textarea\" data-field-id=\"3\"><label class=\"wpforms-field-label\" for=\"wpforms-1578-field_3\">Comment<\/label><textarea id=\"wpforms-1578-field_3\" class=\"wpforms-field-medium\" name=\"wpforms[fields][3]\" aria-errormessage=\"wpforms-1578-field_3-error\" ><\/textarea><\/div><\/div><!-- .wpforms-field-container --><div class=\"wpforms-submit-container\" ><input type=\"hidden\" name=\"wpforms[id]\" value=\"1578\"><input type=\"hidden\" name=\"page_title\" value=\"\"><input type=\"hidden\" name=\"page_url\" value=\"https:\/\/staging.arenapark.ch\/en\/wp-json\/wp\/v2\/pages\/2327\"><input type=\"hidden\" name=\"url_referer\" value=\"\"><button type=\"submit\" name=\"wpforms[submit]\" id=\"wpforms-submit-1578\" class=\"wpforms-submit\" data-alt-text=\"Send...\" data-submit-text=\"Send my message\" aria-live=\"assertive\" value=\"wpforms-submit\">Send my message<\/button><img decoding=\"async\" src=\"https:\/\/staging.arenapark.ch\/wp-content\/plugins\/wpforms\/assets\/images\/submit-spin.svg\" class=\"wpforms-submit-spinner\" style=\"display: none;\" width=\"26\" height=\"26\" alt=\"Loading\"><\/div><\/form><\/div>  <!-- .wpforms-container -->\t\t\t\t<\/div>\n\t\t\t\t<\/div>\n\t\t\t\t\t<\/div>\n\t\t\t\t<\/div>\n\t\t<div class=\"elementor-element elementor-element-0793b1d e-flex e-con-boxed e-con e-parent\" data-id=\"0793b1d\" data-element_type=\"container\">\n\t\t\t\t\t<div class=\"e-con-inner\">\n\t\t<div class=\"elementor-element elementor-element-9a64ca8 e-con-full e-flex e-con e-child\" data-id=\"9a64ca8\" data-element_type=\"container\">\n\t\t\t\t<div class=\"elementor-element elementor-element-3666695 elementor-widget elementor-widget-heading\" data-id=\"3666695\" data-element_type=\"widget\" data-widget_type=\"heading.default\">\n\t\t\t\t<div class=\"elementor-widget-container\">\n\t\t\t\t\t<h2 class=\"elementor-heading-title elementor-size-default\">ARENA PARK SARL<\/h2>\t\t\t\t<\/div>\n\t\t\t\t<\/div>\n\t\t\t\t<div class=\"elementor-element elementor-element-59140d2 elementor-widget elementor-widget-text-editor\" data-id=\"59140d2\" data-element_type=\"widget\" data-widget_type=\"text-editor.default\">\n\t\t\t\t<div class=\"elementor-widget-container\">\n\t\t\t\t\t\t\t\t\t<p><strong>VEHICLE PICK-UP<\/strong><\/p>\n<p>Your vehicle will be picked up at the following address:<\/p>\n\t\t\t\t\t\t\t\t<\/div>\n\t\t\t\t<\/div>\n\t\t\t\t<div class=\"elementor-element elementor-element-3be3652 link-color2 elementor-icon-list--layout-traditional elementor-list-item-link-full_width elementor-widget elementor-widget-icon-list\" data-id=\"3be3652\" data-element_type=\"widget\" data-widget_type=\"icon-list.default\">\n\t\t\t\t<div class=\"elementor-widget-container\">\n\t\t\t\t\t\t\t<ul class=\"elementor-icon-list-items\">\n\t\t\t\t\t\t\t<li class=\"elementor-icon-list-item\">\n\t\t\t\t\t\t\t\t\t\t\t<span class=\"elementor-icon-list-icon\">\n\t\t\t\t\t\t\t<svg aria-hidden=\"true\" class=\"e-font-icon-svg e-fas-map-marker-alt\" viewBox=\"0 0 384 512\" xmlns=\"http:\/\/www.w3.org\/2000\/svg\"><path d=\"M172.268 501.67C26.97 291.031 0 269.413 0 192 0 85.961 85.961 0 192 0s192 85.961 192 192c0 77.413-26.97 99.031-172.268 309.67-9.535 13.774-29.93 13.773-39.464 0zM192 272c44.183 0 80-35.817 80-80s-35.817-80-80-80-80 35.817-80 80 35.817 80 80 80z\"><\/path><\/svg>\t\t\t\t\t\t<\/span>\n\t\t\t\t\t\t\t\t\t\t<span class=\"elementor-icon-list-text\">Chemin de l'Avanchet 26 CP 1216 Cointrin - Gen\u00e8ve Parking 3 min from the airport<\/span>\n\t\t\t\t\t\t\t\t\t<\/li>\n\t\t\t\t\t\t<\/ul>\n\t\t\t\t\t\t<\/div>\n\t\t\t\t<\/div>\n\t\t\t\t<\/div>\n\t\t<div class=\"elementor-element elementor-element-8138071 e-con-full e-flex e-con e-child\" data-id=\"8138071\" data-element_type=\"container\" data-settings=\"{&quot;background_background&quot;:&quot;classic&quot;}\">\n\t\t\t\t<div class=\"elementor-element elementor-element-b5eebc1 color-map elementor-widget elementor-widget-google_maps\" data-id=\"b5eebc1\" data-element_type=\"widget\" data-widget_type=\"google_maps.default\">\n\t\t\t\t<div class=\"elementor-widget-container\">\n\t\t\t\t\t\t\t<div class=\"elementor-custom-embed\">\n\t\t\t<iframe loading=\"lazy\"\n\t\t\t\t\tsrc=\"https:\/\/maps.google.com\/maps?q=arenapark%20-%20Parking%20A%C3%A9roport%20Gen%C3%A8ve&#038;t=m&#038;z=12&#038;output=embed&#038;iwloc=near\"\n\t\t\t\t\ttitle=\"arenapark - Parking A\u00e9roport Gen\u00e8ve\"\n\t\t\t\t\taria-label=\"arenapark - Parking A\u00e9roport Gen\u00e8ve\"\n\t\t\t><\/iframe>\n\t\t<\/div>\n\t\t\t\t\t\t<\/div>\n\t\t\t\t<\/div>\n\t\t\t\t<\/div>\n\t\t\t\t\t<\/div>\n\t\t\t\t<\/div>\n\t\t\t\t<\/div>\n\t\t","protected":false},"excerpt":{"rendered":"<p>Contact us If you have any questions, please fill in our contact form. Our customer service team will get back to you as soon as possible. Veuillez activer JavaScript dans votre navigateur pour remplir ce formulaire.Veuillez activer JavaScript dans votre navigateur pour remplir ce formulaire. Nom et pr\u00e9nom * Pr\u00e9nomNom Adresse email *Num\u00e9ro de t\u00e9l\u00e9phone<a class=\"more-link\" href=\"https:\/\/staging.arenapark.ch\/en\/contact\/\">Read more  &#10230;<\/a><\/p>\n","protected":false},"author":4,"featured_media":0,"parent":0,"menu_order":0,"comment_status":"closed","ping_status":"closed","template":"elementor_header_footer","meta":{"footnotes":""},"class_list":["post-2327","page","type-page","status-publish","hentry"],"yoast_head":"<!-- This site is optimized with the Yoast SEO plugin v24.9 - https:\/\/yoast.com\/wordpress\/plugins\/seo\/ -->\n<title>Contact - ARENAPARK.CH<\/title>\n<meta name=\"robots\" content=\"noindex, follow, max-snippet:-1, max-image-preview:large, max-video-preview:-1\" \/>\n<meta property=\"og:locale\" content=\"en_US\" \/>\n<meta property=\"og:type\" content=\"article\" \/>\n<meta property=\"og:title\" content=\"Contact - ARENAPARK.CH\" \/>\n<meta property=\"og:description\" content=\"Contact us If you have any questions, please fill in our contact form. Our customer service team will get back to you as soon as possible. Veuillez activer JavaScript dans votre navigateur pour remplir ce formulaire.Veuillez activer JavaScript dans votre navigateur pour remplir ce formulaire. Nom et pr\u00e9nom * Pr\u00e9nomNom Adresse email *Num\u00e9ro de t\u00e9l\u00e9phoneRead more &#10230;\" \/>\n<meta property=\"og:url\" content=\"https:\/\/staging.arenapark.ch\/contact\/\" \/>\n<meta property=\"og:site_name\" content=\"ARENAPARK.CH\" \/>\n<meta property=\"article:publisher\" content=\"https:\/\/www.facebook.com\/arenapark.ch\/\" \/>\n<meta property=\"article:modified_time\" content=\"2024-01-25T13:55:29+00:00\" \/>\n<meta property=\"og:image\" content=\"https:\/\/staging.arenapark.ch\/wp-content\/plugins\/wpforms\/assets\/images\/submit-spin.svg\" \/>\n<meta name=\"twitter:card\" content=\"summary_large_image\" \/>\n<meta name=\"twitter:label1\" content=\"Est. reading time\" \/>\n\t<meta name=\"twitter:data1\" content=\"1 minute\" \/>\n<script type=\"application\/ld+json\" class=\"yoast-schema-graph\">{\"@context\":\"https:\/\/schema.org\",\"@graph\":[{\"@type\":\"WebPage\",\"@id\":\"https:\/\/staging.arenapark.ch\/contact\/\",\"url\":\"https:\/\/staging.arenapark.ch\/contact\/\",\"name\":\"Contact - ARENAPARK.CH\",\"isPartOf\":{\"@id\":\"https:\/\/staging.arenapark.ch\/#website\"},\"primaryImageOfPage\":{\"@id\":\"https:\/\/staging.arenapark.ch\/contact\/#primaryimage\"},\"image\":{\"@id\":\"https:\/\/staging.arenapark.ch\/contact\/#primaryimage\"},\"thumbnailUrl\":\"https:\/\/staging.arenapark.ch\/wp-content\/plugins\/wpforms\/assets\/images\/submit-spin.svg\",\"datePublished\":\"2023-12-20T15:10:11+00:00\",\"dateModified\":\"2024-01-25T13:55:29+00:00\",\"breadcrumb\":{\"@id\":\"https:\/\/staging.arenapark.ch\/contact\/#breadcrumb\"},\"inLanguage\":\"en-US\",\"potentialAction\":[{\"@type\":\"ReadAction\",\"target\":[\"https:\/\/staging.arenapark.ch\/contact\/\"]}]},{\"@type\":\"ImageObject\",\"inLanguage\":\"en-US\",\"@id\":\"https:\/\/staging.arenapark.ch\/contact\/#primaryimage\",\"url\":\"https:\/\/staging.arenapark.ch\/wp-content\/plugins\/wpforms\/assets\/images\/submit-spin.svg\",\"contentUrl\":\"https:\/\/staging.arenapark.ch\/wp-content\/plugins\/wpforms\/assets\/images\/submit-spin.svg\"},{\"@type\":\"BreadcrumbList\",\"@id\":\"https:\/\/staging.arenapark.ch\/contact\/#breadcrumb\",\"itemListElement\":[{\"@type\":\"ListItem\",\"position\":1,\"name\":\"Home\",\"item\":\"https:\/\/staging.arenapark.ch\/\"},{\"@type\":\"ListItem\",\"position\":2,\"name\":\"Contact\"}]},{\"@type\":\"WebSite\",\"@id\":\"https:\/\/staging.arenapark.ch\/#website\",\"url\":\"https:\/\/staging.arenapark.ch\/\",\"name\":\"ARENAPARK.CH\",\"description\":\"PARKING A\u00c9ROPORT DE GEN\u00c8VE\",\"publisher\":{\"@id\":\"https:\/\/staging.arenapark.ch\/#organization\"},\"alternateName\":\"ARENA PARKING SERVICE DE PARKING\",\"potentialAction\":[{\"@type\":\"SearchAction\",\"target\":{\"@type\":\"EntryPoint\",\"urlTemplate\":\"https:\/\/staging.arenapark.ch\/?s={search_term_string}\"},\"query-input\":{\"@type\":\"PropertyValueSpecification\",\"valueRequired\":true,\"valueName\":\"search_term_string\"}}],\"inLanguage\":\"en-US\"},{\"@type\":\"Organization\",\"@id\":\"https:\/\/staging.arenapark.ch\/#organization\",\"name\":\"ARENAPARK.CH\",\"alternateName\":\"PARKING COINTRIN SERVICE DE PARKING\",\"url\":\"https:\/\/staging.arenapark.ch\/\",\"logo\":{\"@type\":\"ImageObject\",\"inLanguage\":\"en-US\",\"@id\":\"https:\/\/staging.arenapark.ch\/#\/schema\/logo\/image\/\",\"url\":\"https:\/\/172.31.40.247\/wp-content\/uploads\/2023\/07\/cropped-cropped-FaviconArenaPark.png\",\"contentUrl\":\"https:\/\/172.31.40.247\/wp-content\/uploads\/2023\/07\/cropped-cropped-FaviconArenaPark.png\",\"width\":512,\"height\":512,\"caption\":\"ARENAPARK.CH\"},\"image\":{\"@id\":\"https:\/\/staging.arenapark.ch\/#\/schema\/logo\/image\/\"},\"sameAs\":[\"https:\/\/www.facebook.com\/arenapark.ch\/\",\"https:\/\/www.instagram.com\/arenapark2019\/\"]}]}<\/script>\n<!-- \/ Yoast SEO plugin. -->","yoast_head_json":{"title":"Contact - ARENAPARK.CH","robots":{"index":"noindex","follow":"follow","max-snippet":"max-snippet:-1","max-image-preview":"max-image-preview:large","max-video-preview":"max-video-preview:-1"},"og_locale":"en_US","og_type":"article","og_title":"Contact - ARENAPARK.CH","og_description":"Contact us If you have any questions, please fill in our contact form. Our customer service team will get back to you as soon as possible. Veuillez activer JavaScript dans votre navigateur pour remplir ce formulaire.Veuillez activer JavaScript dans votre navigateur pour remplir ce formulaire. Nom et pr\u00e9nom * Pr\u00e9nomNom Adresse email *Num\u00e9ro de t\u00e9l\u00e9phoneRead more &#10230;","og_url":"https:\/\/staging.arenapark.ch\/contact\/","og_site_name":"ARENAPARK.CH","article_publisher":"https:\/\/www.facebook.com\/arenapark.ch\/","article_modified_time":"2024-01-25T13:55:29+00:00","og_image":[{"url":"https:\/\/staging.arenapark.ch\/wp-content\/plugins\/wpforms\/assets\/images\/submit-spin.svg","type":"","width":"","height":""}],"twitter_card":"summary_large_image","twitter_misc":{"Est. reading time":"1 minute"},"schema":{"@context":"https:\/\/schema.org","@graph":[{"@type":"WebPage","@id":"https:\/\/staging.arenapark.ch\/contact\/","url":"https:\/\/staging.arenapark.ch\/contact\/","name":"Contact - ARENAPARK.CH","isPartOf":{"@id":"https:\/\/staging.arenapark.ch\/#website"},"primaryImageOfPage":{"@id":"https:\/\/staging.arenapark.ch\/contact\/#primaryimage"},"image":{"@id":"https:\/\/staging.arenapark.ch\/contact\/#primaryimage"},"thumbnailUrl":"https:\/\/staging.arenapark.ch\/wp-content\/plugins\/wpforms\/assets\/images\/submit-spin.svg","datePublished":"2023-12-20T15:10:11+00:00","dateModified":"2024-01-25T13:55:29+00:00","breadcrumb":{"@id":"https:\/\/staging.arenapark.ch\/contact\/#breadcrumb"},"inLanguage":"en-US","potentialAction":[{"@type":"ReadAction","target":["https:\/\/staging.arenapark.ch\/contact\/"]}]},{"@type":"ImageObject","inLanguage":"en-US","@id":"https:\/\/staging.arenapark.ch\/contact\/#primaryimage","url":"https:\/\/staging.arenapark.ch\/wp-content\/plugins\/wpforms\/assets\/images\/submit-spin.svg","contentUrl":"https:\/\/staging.arenapark.ch\/wp-content\/plugins\/wpforms\/assets\/images\/submit-spin.svg"},{"@type":"BreadcrumbList","@id":"https:\/\/staging.arenapark.ch\/contact\/#breadcrumb","itemListElement":[{"@type":"ListItem","position":1,"name":"Home","item":"https:\/\/staging.arenapark.ch\/"},{"@type":"ListItem","position":2,"name":"Contact"}]},{"@type":"WebSite","@id":"https:\/\/staging.arenapark.ch\/#website","url":"https:\/\/staging.arenapark.ch\/","name":"ARENAPARK.CH","description":"PARKING A\u00c9ROPORT DE GEN\u00c8VE","publisher":{"@id":"https:\/\/staging.arenapark.ch\/#organization"},"alternateName":"ARENA PARKING SERVICE DE PARKING","potentialAction":[{"@type":"SearchAction","target":{"@type":"EntryPoint","urlTemplate":"https:\/\/staging.arenapark.ch\/?s={search_term_string}"},"query-input":{"@type":"PropertyValueSpecification","valueRequired":true,"valueName":"search_term_string"}}],"inLanguage":"en-US"},{"@type":"Organization","@id":"https:\/\/staging.arenapark.ch\/#organization","name":"ARENAPARK.CH","alternateName":"PARKING COINTRIN SERVICE DE PARKING","url":"https:\/\/staging.arenapark.ch\/","logo":{"@type":"ImageObject","inLanguage":"en-US","@id":"https:\/\/staging.arenapark.ch\/#\/schema\/logo\/image\/","url":"https:\/\/172.31.40.247\/wp-content\/uploads\/2023\/07\/cropped-cropped-FaviconArenaPark.png","contentUrl":"https:\/\/172.31.40.247\/wp-content\/uploads\/2023\/07\/cropped-cropped-FaviconArenaPark.png","width":512,"height":512,"caption":"ARENAPARK.CH"},"image":{"@id":"https:\/\/staging.arenapark.ch\/#\/schema\/logo\/image\/"},"sameAs":["https:\/\/www.facebook.com\/arenapark.ch\/","https:\/\/www.instagram.com\/arenapark2019\/"]}]}},"_links":{"self":[{"href":"https:\/\/staging.arenapark.ch\/en\/wp-json\/wp\/v2\/pages\/2327","targetHints":{"allow":["GET"]}}],"collection":[{"href":"https:\/\/staging.arenapark.ch\/en\/wp-json\/wp\/v2\/pages"}],"about":[{"href":"https:\/\/staging.arenapark.ch\/en\/wp-json\/wp\/v2\/types\/page"}],"author":[{"embeddable":true,"href":"https:\/\/staging.arenapark.ch\/en\/wp-json\/wp\/v2\/users\/4"}],"replies":[{"embeddable":true,"href":"https:\/\/staging.arenapark.ch\/en\/wp-json\/wp\/v2\/comments?post=2327"}],"version-history":[{"count":30,"href":"https:\/\/staging.arenapark.ch\/en\/wp-json\/wp\/v2\/pages\/2327\/revisions"}],"predecessor-version":[{"id":2450,"href":"https:\/\/staging.arenapark.ch\/en\/wp-json\/wp\/v2\/pages\/2327\/revisions\/2450"}],"wp:attachment":[{"href":"https:\/\/staging.arenapark.ch\/en\/wp-json\/wp\/v2\/media?parent=2327"}],"curies":[{"name":"wp","href":"https:\/\/api.w.org\/{rel}","templated":true}]}}