{"id":6455,"date":"2024-05-10T11:15:53","date_gmt":"2024-05-10T09:15:53","guid":{"rendered":"https:\/\/staging.arenapark.ch\/blog\/"},"modified":"2024-06-07T12:04:31","modified_gmt":"2024-06-07T10:04:31","slug":"blog","status":"publish","type":"page","link":"https:\/\/staging.arenapark.ch\/en\/blog\/","title":{"rendered":"Blog"},"content":{"rendered":"\t\t<div data-elementor-type=\"wp-page\" data-elementor-id=\"6455\" class=\"elementor elementor-6455 elementor-5614\" data-elementor-post-type=\"page\">\n\t\t\t\t<div class=\"elementor-element elementor-element-a5aacea e-flex e-con-boxed e-con e-parent\" data-id=\"a5aacea\" data-element_type=\"container\" data-settings=\"{&quot;background_background&quot;:&quot;classic&quot;}\">\n\t\t\t\t\t<div class=\"e-con-inner\">\n\t\t<div class=\"elementor-element elementor-element-f544465 e-flex e-con-boxed e-con e-child\" data-id=\"f544465\" data-element_type=\"container\">\n\t\t\t\t\t<div class=\"e-con-inner\">\n\t\t\t\t<div class=\"elementor-element elementor-element-84ac55a elementor-widget elementor-widget-heading\" data-id=\"84ac55a\" data-element_type=\"widget\" data-widget_type=\"heading.default\">\n\t\t\t\t<div class=\"elementor-widget-container\">\n\t\t\t\t\t<h1 class=\"elementor-heading-title elementor-size-default\">Our blog posts<\/h1>\t\t\t\t<\/div>\n\t\t\t\t<\/div>\n\t\t\t\t\t<\/div>\n\t\t\t\t<\/div>\n\t\t\t\t\t<\/div>\n\t\t\t\t<\/div>\n\t\t<div class=\"elementor-element elementor-element-6dc8366 e-flex e-con-boxed e-con e-parent\" data-id=\"6dc8366\" data-element_type=\"container\">\n\t\t\t\t\t<div class=\"e-con-inner\">\n\t\t\t\t<div class=\"elementor-element elementor-element-38cf321 elementor-grid-3 elementor-grid-tablet-2 elementor-grid-mobile-1 elementor-posts--thumbnail-top elementor-card-shadow-yes elementor-posts__hover-gradient elementor-widget elementor-widget-posts\" data-id=\"38cf321\" data-element_type=\"widget\" data-settings=\"{&quot;cards_columns&quot;:&quot;3&quot;,&quot;cards_columns_tablet&quot;:&quot;2&quot;,&quot;cards_columns_mobile&quot;:&quot;1&quot;,&quot;cards_row_gap&quot;:{&quot;unit&quot;:&quot;px&quot;,&quot;size&quot;:35,&quot;sizes&quot;:[]},&quot;cards_row_gap_tablet&quot;:{&quot;unit&quot;:&quot;px&quot;,&quot;size&quot;:&quot;&quot;,&quot;sizes&quot;:[]},&quot;cards_row_gap_mobile&quot;:{&quot;unit&quot;:&quot;px&quot;,&quot;size&quot;:&quot;&quot;,&quot;sizes&quot;:[]}}\" data-widget_type=\"posts.cards\">\n\t\t\t\t<div class=\"elementor-widget-container\">\n\t\t\t\t\t\t\t<div class=\"elementor-posts-container elementor-posts elementor-posts--skin-cards elementor-grid\">\n\t\t\t\t<article class=\"elementor-post elementor-grid-item post-13759 post type-post status-publish format-standard has-post-thumbnail hentry category-parking-pas-cher-aeroport-geneve\">\n\t\t\t<div class=\"elementor-post__card\">\n\t\t\t\t<a class=\"elementor-post__thumbnail__link\" href=\"https:\/\/staging.arenapark.ch\/en\/parking-gratuit-aeroport-geneve\/\" tabindex=\"-1\" ><div class=\"elementor-post__thumbnail\"><img fetchpriority=\"high\" decoding=\"async\" width=\"1024\" height=\"576\" src=\"https:\/\/staging.arenapark.ch\/wp-content\/uploads\/2025\/03\/parking-gratuit-aeroport-geneve-1-1024x576.jpg\" class=\"attachment-large size-large wp-image-13732\" alt=\"\" srcset=\"https:\/\/staging.arenapark.ch\/wp-content\/uploads\/2025\/03\/parking-gratuit-aeroport-geneve-1-1024x576.jpg 1024w, https:\/\/staging.arenapark.ch\/wp-content\/uploads\/2025\/03\/parking-gratuit-aeroport-geneve-1-300x169.jpg 300w, https:\/\/staging.arenapark.ch\/wp-content\/uploads\/2025\/03\/parking-gratuit-aeroport-geneve-1-768x432.jpg 768w, https:\/\/staging.arenapark.ch\/wp-content\/uploads\/2025\/03\/parking-gratuit-aeroport-geneve-1-960x540.jpg 960w, https:\/\/staging.arenapark.ch\/wp-content\/uploads\/2025\/03\/parking-gratuit-aeroport-geneve-1-640x360.jpg 640w, https:\/\/staging.arenapark.ch\/wp-content\/uploads\/2025\/03\/parking-gratuit-aeroport-geneve-1-480x270.jpg 480w, https:\/\/staging.arenapark.ch\/wp-content\/uploads\/2025\/03\/parking-gratuit-aeroport-geneve-1-600x338.jpg 600w, https:\/\/staging.arenapark.ch\/wp-content\/uploads\/2025\/03\/parking-gratuit-aeroport-geneve-1.jpg 1080w\" sizes=\"(max-width: 1024px) 100vw, 1024px\" \/><\/div><\/a>\n\t\t\t\t<div class=\"elementor-post__badge\">Parking pas cher A\u00e9roport Gen\u00e8ve<\/div>\n\t\t\t\t<div class=\"elementor-post__text\">\n\t\t\t\t<h3 class=\"elementor-post__title\">\n\t\t\t<a href=\"https:\/\/staging.arenapark.ch\/en\/parking-gratuit-aeroport-geneve\/\" >\n\t\t\t\tFree parking at Geneva airport: discover the best options\t\t\t<\/a>\n\t\t<\/h3>\n\t\t\t\t<div class=\"elementor-post__excerpt\">\n\t\t\t<p>Let&#8217;s be clear from the outset: no, there are no free parking options at Geneva airport&#8230; except in two very specific cases, which we&#8217;ll detail\t\t<\/div>\n\t\t\n\t\t<a class=\"elementor-post__read-more\" href=\"https:\/\/staging.arenapark.ch\/en\/parking-gratuit-aeroport-geneve\/\" aria-label=\"Read more about Free parking at Geneva airport: discover the best options\" tabindex=\"-1\" >\n\t\t\tRead more\t\t<\/a>\n\n\t\t\t\t<\/div>\n\t\t\t\t\t<\/div>\n\t\t<\/article>\n\t\t\t\t<article class=\"elementor-post elementor-grid-item post-13439 post type-post status-publish format-standard has-post-thumbnail hentry category-non-classifiee category-parking-aeroport-geneve\">\n\t\t\t<div class=\"elementor-post__card\">\n\t\t\t\t<a class=\"elementor-post__thumbnail__link\" href=\"https:\/\/staging.arenapark.ch\/en\/stationnement-aeroport-geneve\/\" tabindex=\"-1\" ><div class=\"elementor-post__thumbnail\"><img decoding=\"async\" width=\"1024\" height=\"576\" src=\"https:\/\/staging.arenapark.ch\/wp-content\/uploads\/2025\/02\/stationnement-aeroport-geneve-1024x576.jpg\" class=\"attachment-large size-large wp-image-13393\" alt=\"\" srcset=\"https:\/\/staging.arenapark.ch\/wp-content\/uploads\/2025\/02\/stationnement-aeroport-geneve-1024x576.jpg 1024w, https:\/\/staging.arenapark.ch\/wp-content\/uploads\/2025\/02\/stationnement-aeroport-geneve-300x169.jpg 300w, https:\/\/staging.arenapark.ch\/wp-content\/uploads\/2025\/02\/stationnement-aeroport-geneve-768x432.jpg 768w, https:\/\/staging.arenapark.ch\/wp-content\/uploads\/2025\/02\/stationnement-aeroport-geneve-960x540.jpg 960w, https:\/\/staging.arenapark.ch\/wp-content\/uploads\/2025\/02\/stationnement-aeroport-geneve-640x360.jpg 640w, https:\/\/staging.arenapark.ch\/wp-content\/uploads\/2025\/02\/stationnement-aeroport-geneve-480x270.jpg 480w, https:\/\/staging.arenapark.ch\/wp-content\/uploads\/2025\/02\/stationnement-aeroport-geneve-600x338.jpg 600w, https:\/\/staging.arenapark.ch\/wp-content\/uploads\/2025\/02\/stationnement-aeroport-geneve.jpg 1080w\" sizes=\"(max-width: 1024px) 100vw, 1024px\" \/><\/div><\/a>\n\t\t\t\t<div class=\"elementor-post__badge\">Non classifi\u00e9(e)<\/div>\n\t\t\t\t<div class=\"elementor-post__text\">\n\t\t\t\t<h3 class=\"elementor-post__title\">\n\t\t\t<a href=\"https:\/\/staging.arenapark.ch\/en\/stationnement-aeroport-geneve\/\" >\n\t\t\t\tParking at Geneva airport: where and how to park at the best price?\t\t\t<\/a>\n\t\t<\/h3>\n\t\t\t\t<div class=\"elementor-post__excerpt\">\n\t\t\t<p>Parking at Geneva airport can quickly become stressful, both in terms of availability and rates. Between official parking lots, private parking lots with shuttle service\t\t<\/div>\n\t\t\n\t\t<a class=\"elementor-post__read-more\" href=\"https:\/\/staging.arenapark.ch\/en\/stationnement-aeroport-geneve\/\" aria-label=\"Read more about Parking at Geneva airport: where and how to park at the best price?\" tabindex=\"-1\" >\n\t\t\tRead more\t\t<\/a>\n\n\t\t\t\t<\/div>\n\t\t\t\t\t<\/div>\n\t\t<\/article>\n\t\t\t\t<article class=\"elementor-post elementor-grid-item post-13436 post type-post status-publish format-standard has-post-thumbnail hentry category-parking-aeroport-geneve\">\n\t\t\t<div class=\"elementor-post__card\">\n\t\t\t\t<a class=\"elementor-post__thumbnail__link\" href=\"https:\/\/staging.arenapark.ch\/en\/parking-proche-aeroport-geneve\/\" tabindex=\"-1\" ><div class=\"elementor-post__thumbnail\"><img decoding=\"async\" width=\"1024\" height=\"576\" src=\"https:\/\/staging.arenapark.ch\/wp-content\/uploads\/2025\/02\/parking-proche-aeroport-geneve-2-1-1024x576.jpg\" class=\"attachment-large size-large wp-image-13395\" alt=\"\" srcset=\"https:\/\/staging.arenapark.ch\/wp-content\/uploads\/2025\/02\/parking-proche-aeroport-geneve-2-1-1024x576.jpg 1024w, https:\/\/staging.arenapark.ch\/wp-content\/uploads\/2025\/02\/parking-proche-aeroport-geneve-2-1-300x169.jpg 300w, https:\/\/staging.arenapark.ch\/wp-content\/uploads\/2025\/02\/parking-proche-aeroport-geneve-2-1-768x432.jpg 768w, https:\/\/staging.arenapark.ch\/wp-content\/uploads\/2025\/02\/parking-proche-aeroport-geneve-2-1-960x540.jpg 960w, https:\/\/staging.arenapark.ch\/wp-content\/uploads\/2025\/02\/parking-proche-aeroport-geneve-2-1-640x360.jpg 640w, https:\/\/staging.arenapark.ch\/wp-content\/uploads\/2025\/02\/parking-proche-aeroport-geneve-2-1-480x270.jpg 480w, https:\/\/staging.arenapark.ch\/wp-content\/uploads\/2025\/02\/parking-proche-aeroport-geneve-2-1-600x338.jpg 600w, https:\/\/staging.arenapark.ch\/wp-content\/uploads\/2025\/02\/parking-proche-aeroport-geneve-2-1.jpg 1080w\" sizes=\"(max-width: 1024px) 100vw, 1024px\" \/><\/div><\/a>\n\t\t\t\t<div class=\"elementor-post__badge\">Parking A\u00e9roport Gen\u00e8ve<\/div>\n\t\t\t\t<div class=\"elementor-post__text\">\n\t\t\t\t<h3 class=\"elementor-post__title\">\n\t\t\t<a href=\"https:\/\/staging.arenapark.ch\/en\/parking-proche-aeroport-geneve\/\" >\n\t\t\t\tFind a parking lot near Geneva airport with ArenaPark\t\t\t<\/a>\n\t\t<\/h3>\n\t\t\t\t<div class=\"elementor-post__excerpt\">\n\t\t\t<p>Where to park near Geneva airport? Opting for secure parking close to the terminal saves you precious time. Find out why it&#8217;s a good idea\t\t<\/div>\n\t\t\n\t\t<a class=\"elementor-post__read-more\" href=\"https:\/\/staging.arenapark.ch\/en\/parking-proche-aeroport-geneve\/\" aria-label=\"Read more about Find a parking lot near Geneva airport with ArenaPark\" tabindex=\"-1\" >\n\t\t\tRead more\t\t<\/a>\n\n\t\t\t\t<\/div>\n\t\t\t\t\t<\/div>\n\t\t<\/article>\n\t\t\t\t<article class=\"elementor-post elementor-grid-item post-13090 post type-post status-publish format-standard has-post-thumbnail hentry category-navette-aeroport-de-geneve\">\n\t\t\t<div class=\"elementor-post__card\">\n\t\t\t\t<a class=\"elementor-post__thumbnail__link\" href=\"https:\/\/staging.arenapark.ch\/en\/parking-navette-aeroport-geneve\/\" tabindex=\"-1\" ><div class=\"elementor-post__thumbnail\"><img loading=\"lazy\" decoding=\"async\" width=\"1024\" height=\"576\" src=\"https:\/\/staging.arenapark.ch\/wp-content\/uploads\/2025\/01\/Parking-avec-navette-a-laeroport-de-Geneve-1-1024x576.jpg\" class=\"attachment-large size-large wp-image-12879\" alt=\"Parking avec navette \u00e0 l&#039;a\u00e9roport de Gen\u00e8ve\" srcset=\"https:\/\/staging.arenapark.ch\/wp-content\/uploads\/2025\/01\/Parking-avec-navette-a-laeroport-de-Geneve-1-1024x576.jpg 1024w, https:\/\/staging.arenapark.ch\/wp-content\/uploads\/2025\/01\/Parking-avec-navette-a-laeroport-de-Geneve-1-300x169.jpg 300w, https:\/\/staging.arenapark.ch\/wp-content\/uploads\/2025\/01\/Parking-avec-navette-a-laeroport-de-Geneve-1-768x432.jpg 768w, https:\/\/staging.arenapark.ch\/wp-content\/uploads\/2025\/01\/Parking-avec-navette-a-laeroport-de-Geneve-1-960x540.jpg 960w, https:\/\/staging.arenapark.ch\/wp-content\/uploads\/2025\/01\/Parking-avec-navette-a-laeroport-de-Geneve-1-640x360.jpg 640w, https:\/\/staging.arenapark.ch\/wp-content\/uploads\/2025\/01\/Parking-avec-navette-a-laeroport-de-Geneve-1-480x270.jpg 480w, https:\/\/staging.arenapark.ch\/wp-content\/uploads\/2025\/01\/Parking-avec-navette-a-laeroport-de-Geneve-1-600x338.jpg 600w, https:\/\/staging.arenapark.ch\/wp-content\/uploads\/2025\/01\/Parking-avec-navette-a-laeroport-de-Geneve-1.jpg 1080w\" sizes=\"(max-width: 1024px) 100vw, 1024px\" \/><\/div><\/a>\n\t\t\t\t<div class=\"elementor-post__badge\">Transports a\u00e9roport de Gen\u00e8ve<\/div>\n\t\t\t\t<div class=\"elementor-post__text\">\n\t\t\t\t<h3 class=\"elementor-post__title\">\n\t\t\t<a href=\"https:\/\/staging.arenapark.ch\/en\/parking-navette-aeroport-geneve\/\" >\n\t\t\t\tShuttle parking at Geneva airport\t\t\t<\/a>\n\t\t<\/h3>\n\t\t\t\t<div class=\"elementor-post__excerpt\">\n\t\t\t<p>A shuttle is a transport service specially designed to take passengers between airport parking lots and terminals, making the journey much quicker and easier.<\/p>\t\t<\/div>\n\t\t\n\t\t<a class=\"elementor-post__read-more\" href=\"https:\/\/staging.arenapark.ch\/en\/parking-navette-aeroport-geneve\/\" aria-label=\"Read more about Shuttle parking at Geneva airport\" tabindex=\"-1\" >\n\t\t\tRead more\t\t<\/a>\n\n\t\t\t\t<\/div>\n\t\t\t\t\t<\/div>\n\t\t<\/article>\n\t\t\t\t<article class=\"elementor-post elementor-grid-item post-12983 post type-post status-publish format-standard has-post-thumbnail hentry category-parking-aeroport-geneve\">\n\t\t\t<div class=\"elementor-post__card\">\n\t\t\t\t<a class=\"elementor-post__thumbnail__link\" href=\"https:\/\/staging.arenapark.ch\/en\/plan-parking-aeroport-geneve\/\" tabindex=\"-1\" ><div class=\"elementor-post__thumbnail\"><img loading=\"lazy\" decoding=\"async\" width=\"1024\" height=\"576\" src=\"https:\/\/staging.arenapark.ch\/wp-content\/uploads\/2025\/01\/plan-parking-aeroport-geneve-2-1-1024x576.jpg\" class=\"attachment-large size-large wp-image-12877\" alt=\"\" srcset=\"https:\/\/staging.arenapark.ch\/wp-content\/uploads\/2025\/01\/plan-parking-aeroport-geneve-2-1-1024x576.jpg 1024w, https:\/\/staging.arenapark.ch\/wp-content\/uploads\/2025\/01\/plan-parking-aeroport-geneve-2-1-300x169.jpg 300w, https:\/\/staging.arenapark.ch\/wp-content\/uploads\/2025\/01\/plan-parking-aeroport-geneve-2-1-768x432.jpg 768w, https:\/\/staging.arenapark.ch\/wp-content\/uploads\/2025\/01\/plan-parking-aeroport-geneve-2-1-960x540.jpg 960w, https:\/\/staging.arenapark.ch\/wp-content\/uploads\/2025\/01\/plan-parking-aeroport-geneve-2-1-640x360.jpg 640w, https:\/\/staging.arenapark.ch\/wp-content\/uploads\/2025\/01\/plan-parking-aeroport-geneve-2-1-480x270.jpg 480w, https:\/\/staging.arenapark.ch\/wp-content\/uploads\/2025\/01\/plan-parking-aeroport-geneve-2-1-600x338.jpg 600w, https:\/\/staging.arenapark.ch\/wp-content\/uploads\/2025\/01\/plan-parking-aeroport-geneve-2-1.jpg 1080w\" sizes=\"(max-width: 1024px) 100vw, 1024px\" \/><\/div><\/a>\n\t\t\t\t<div class=\"elementor-post__badge\">Parking A\u00e9roport Gen\u00e8ve<\/div>\n\t\t\t\t<div class=\"elementor-post__text\">\n\t\t\t\t<h3 class=\"elementor-post__title\">\n\t\t\t<a href=\"https:\/\/staging.arenapark.ch\/en\/plan-parking-aeroport-geneve\/\" >\n\t\t\t\tGeneva airport parking map: find your parking space easily\t\t\t<\/a>\n\t\t<\/h3>\n\t\t\t\t<div class=\"elementor-post__excerpt\">\n\t\t\t<p>Having trouble finding your way around the Geneva airport parking lots? Don&#8217;t worry, ArenaPark is here to make your life easier. <\/p>\t\t<\/div>\n\t\t\n\t\t<a class=\"elementor-post__read-more\" href=\"https:\/\/staging.arenapark.ch\/en\/plan-parking-aeroport-geneve\/\" aria-label=\"Read more about Geneva airport parking map: find your parking space easily\" tabindex=\"-1\" >\n\t\t\tRead more\t\t<\/a>\n\n\t\t\t\t<\/div>\n\t\t\t\t\t<\/div>\n\t\t<\/article>\n\t\t\t\t<article class=\"elementor-post elementor-grid-item post-12081 post type-post status-publish format-standard has-post-thumbnail hentry category-parking-geneva-airport-en\">\n\t\t\t<div class=\"elementor-post__card\">\n\t\t\t\t<a class=\"elementor-post__thumbnail__link\" href=\"https:\/\/staging.arenapark.ch\/en\/aeroport-geneve-ou-se-garer\/\" tabindex=\"-1\" ><div class=\"elementor-post__thumbnail\"><img loading=\"lazy\" decoding=\"async\" width=\"1024\" height=\"576\" src=\"https:\/\/staging.arenapark.ch\/wp-content\/uploads\/2024\/05\/7-1024x576.jpg\" class=\"attachment-large size-large wp-image-6017\" alt=\"Parking a\u00e9roport Gen\u00e8ve\" srcset=\"https:\/\/staging.arenapark.ch\/wp-content\/uploads\/2024\/05\/7-1024x576.jpg 1024w, https:\/\/staging.arenapark.ch\/wp-content\/uploads\/2024\/05\/7-300x169.jpg 300w, https:\/\/staging.arenapark.ch\/wp-content\/uploads\/2024\/05\/7-768x432.jpg 768w, https:\/\/staging.arenapark.ch\/wp-content\/uploads\/2024\/05\/7-960x540.jpg 960w, https:\/\/staging.arenapark.ch\/wp-content\/uploads\/2024\/05\/7-640x360.jpg 640w, https:\/\/staging.arenapark.ch\/wp-content\/uploads\/2024\/05\/7-480x270.jpg 480w, https:\/\/staging.arenapark.ch\/wp-content\/uploads\/2024\/05\/7-600x338.jpg 600w, https:\/\/staging.arenapark.ch\/wp-content\/uploads\/2024\/05\/7.jpg 1080w\" sizes=\"(max-width: 1024px) 100vw, 1024px\" \/><\/div><\/a>\n\t\t\t\t<div class=\"elementor-post__badge\">Parking Geneva Airport<\/div>\n\t\t\t\t<div class=\"elementor-post__text\">\n\t\t\t\t<h3 class=\"elementor-post__title\">\n\t\t\t<a href=\"https:\/\/staging.arenapark.ch\/en\/aeroport-geneve-ou-se-garer\/\" >\n\t\t\t\tParking options at Geneva airport\t\t\t<\/a>\n\t\t<\/h3>\n\t\t\t\t<div class=\"elementor-post__excerpt\">\n\t\t\t<p>Who would have thought that Geneva airport could handle more than 17 million passengers every year? So it&#8217;s a good idea to plan ahead to\t\t<\/div>\n\t\t\n\t\t<a class=\"elementor-post__read-more\" href=\"https:\/\/staging.arenapark.ch\/en\/aeroport-geneve-ou-se-garer\/\" aria-label=\"Read more about Parking options at Geneva airport\" tabindex=\"-1\" >\n\t\t\tRead more\t\t<\/a>\n\n\t\t\t\t<\/div>\n\t\t\t\t\t<\/div>\n\t\t<\/article>\n\t\t\t\t<\/div>\n\t\t\n\t\t\t\t\t\t<\/div>\n\t\t\t\t<\/div>\n\t\t\t\t\t<\/div>\n\t\t\t\t<\/div>\n\t\t\t\t<\/div>\n\t\t","protected":false},"excerpt":{"rendered":"<p>Our blog posts<\/p>\n","protected":false},"author":4,"featured_media":0,"parent":0,"menu_order":0,"comment_status":"closed","ping_status":"closed","template":"","meta":{"footnotes":""},"class_list":["post-6455","page","type-page","status-publish","hentry"],"yoast_head":"<!-- This site is optimized with the Yoast SEO plugin v24.9 - https:\/\/yoast.com\/wordpress\/plugins\/seo\/ -->\n<title>Blog - ARENAPARK.CH<\/title>\n<meta name=\"robots\" content=\"noindex, follow, max-snippet:-1, max-image-preview:large, max-video-preview:-1\" \/>\n<meta property=\"og:locale\" content=\"en_US\" \/>\n<meta property=\"og:type\" content=\"article\" \/>\n<meta property=\"og:title\" content=\"Blog - ARENAPARK.CH\" \/>\n<meta property=\"og:description\" content=\"Our blog posts\" \/>\n<meta property=\"og:url\" content=\"https:\/\/staging.arenapark.ch\/en\/?page_id=6455\" \/>\n<meta property=\"og:site_name\" content=\"ARENAPARK.CH\" \/>\n<meta property=\"article:publisher\" content=\"https:\/\/www.facebook.com\/arenapark.ch\/\" \/>\n<meta property=\"article:modified_time\" content=\"2024-06-07T10:04:31+00:00\" \/>\n<meta property=\"og:image\" content=\"https:\/\/staging.arenapark.ch\/wp-content\/uploads\/2023\/07\/PHOTO_PROG.jpg\" \/>\n\t<meta property=\"og:image:width\" content=\"800\" \/>\n\t<meta property=\"og:image:height\" content=\"600\" \/>\n\t<meta property=\"og:image:type\" content=\"image\/jpeg\" \/>\n<meta name=\"twitter:card\" content=\"summary_large_image\" \/>\n<script type=\"application\/ld+json\" class=\"yoast-schema-graph\">{\"@context\":\"https:\/\/schema.org\",\"@graph\":[{\"@type\":\"WebPage\",\"@id\":\"https:\/\/staging.arenapark.ch\/en\/?page_id=6455\",\"url\":\"https:\/\/staging.arenapark.ch\/en\/?page_id=6455\",\"name\":\"Blog - ARENAPARK.CH\",\"isPartOf\":{\"@id\":\"https:\/\/staging.arenapark.ch\/#website\"},\"datePublished\":\"2024-05-10T09:15:53+00:00\",\"dateModified\":\"2024-06-07T10:04:31+00:00\",\"breadcrumb\":{\"@id\":\"https:\/\/staging.arenapark.ch\/en\/?page_id=6455#breadcrumb\"},\"inLanguage\":\"en-US\",\"potentialAction\":[{\"@type\":\"ReadAction\",\"target\":[\"https:\/\/staging.arenapark.ch\/en\/?page_id=6455\"]}]},{\"@type\":\"BreadcrumbList\",\"@id\":\"https:\/\/staging.arenapark.ch\/en\/?page_id=6455#breadcrumb\",\"itemListElement\":[{\"@type\":\"ListItem\",\"position\":1,\"name\":\"Home\",\"item\":\"https:\/\/staging.arenapark.ch\/\"},{\"@type\":\"ListItem\",\"position\":2,\"name\":\"Blog\"}]},{\"@type\":\"WebSite\",\"@id\":\"https:\/\/staging.arenapark.ch\/#website\",\"url\":\"https:\/\/staging.arenapark.ch\/\",\"name\":\"ARENAPARK.CH\",\"description\":\"PARKING A\u00c9ROPORT DE GEN\u00c8VE\",\"publisher\":{\"@id\":\"https:\/\/staging.arenapark.ch\/#organization\"},\"alternateName\":\"ARENA PARKING SERVICE DE PARKING\",\"potentialAction\":[{\"@type\":\"SearchAction\",\"target\":{\"@type\":\"EntryPoint\",\"urlTemplate\":\"https:\/\/staging.arenapark.ch\/?s={search_term_string}\"},\"query-input\":{\"@type\":\"PropertyValueSpecification\",\"valueRequired\":true,\"valueName\":\"search_term_string\"}}],\"inLanguage\":\"en-US\"},{\"@type\":\"Organization\",\"@id\":\"https:\/\/staging.arenapark.ch\/#organization\",\"name\":\"ARENAPARK.CH\",\"alternateName\":\"PARKING COINTRIN SERVICE DE PARKING\",\"url\":\"https:\/\/staging.arenapark.ch\/\",\"logo\":{\"@type\":\"ImageObject\",\"inLanguage\":\"en-US\",\"@id\":\"https:\/\/staging.arenapark.ch\/#\/schema\/logo\/image\/\",\"url\":\"https:\/\/172.31.40.247\/wp-content\/uploads\/2023\/07\/cropped-cropped-FaviconArenaPark.png\",\"contentUrl\":\"https:\/\/172.31.40.247\/wp-content\/uploads\/2023\/07\/cropped-cropped-FaviconArenaPark.png\",\"width\":512,\"height\":512,\"caption\":\"ARENAPARK.CH\"},\"image\":{\"@id\":\"https:\/\/staging.arenapark.ch\/#\/schema\/logo\/image\/\"},\"sameAs\":[\"https:\/\/www.facebook.com\/arenapark.ch\/\",\"https:\/\/www.instagram.com\/arenapark2019\/\"]}]}<\/script>\n<!-- \/ Yoast SEO plugin. -->","yoast_head_json":{"title":"Blog - ARENAPARK.CH","robots":{"index":"noindex","follow":"follow","max-snippet":"max-snippet:-1","max-image-preview":"max-image-preview:large","max-video-preview":"max-video-preview:-1"},"og_locale":"en_US","og_type":"article","og_title":"Blog - ARENAPARK.CH","og_description":"Our blog posts","og_url":"https:\/\/staging.arenapark.ch\/en\/?page_id=6455","og_site_name":"ARENAPARK.CH","article_publisher":"https:\/\/www.facebook.com\/arenapark.ch\/","article_modified_time":"2024-06-07T10:04:31+00:00","og_image":[{"width":800,"height":600,"url":"https:\/\/staging.arenapark.ch\/wp-content\/uploads\/2023\/07\/PHOTO_PROG.jpg","type":"image\/jpeg"}],"twitter_card":"summary_large_image","schema":{"@context":"https:\/\/schema.org","@graph":[{"@type":"WebPage","@id":"https:\/\/staging.arenapark.ch\/en\/?page_id=6455","url":"https:\/\/staging.arenapark.ch\/en\/?page_id=6455","name":"Blog - ARENAPARK.CH","isPartOf":{"@id":"https:\/\/staging.arenapark.ch\/#website"},"datePublished":"2024-05-10T09:15:53+00:00","dateModified":"2024-06-07T10:04:31+00:00","breadcrumb":{"@id":"https:\/\/staging.arenapark.ch\/en\/?page_id=6455#breadcrumb"},"inLanguage":"en-US","potentialAction":[{"@type":"ReadAction","target":["https:\/\/staging.arenapark.ch\/en\/?page_id=6455"]}]},{"@type":"BreadcrumbList","@id":"https:\/\/staging.arenapark.ch\/en\/?page_id=6455#breadcrumb","itemListElement":[{"@type":"ListItem","position":1,"name":"Home","item":"https:\/\/staging.arenapark.ch\/"},{"@type":"ListItem","position":2,"name":"Blog"}]},{"@type":"WebSite","@id":"https:\/\/staging.arenapark.ch\/#website","url":"https:\/\/staging.arenapark.ch\/","name":"ARENAPARK.CH","description":"PARKING A\u00c9ROPORT DE GEN\u00c8VE","publisher":{"@id":"https:\/\/staging.arenapark.ch\/#organization"},"alternateName":"ARENA PARKING SERVICE DE PARKING","potentialAction":[{"@type":"SearchAction","target":{"@type":"EntryPoint","urlTemplate":"https:\/\/staging.arenapark.ch\/?s={search_term_string}"},"query-input":{"@type":"PropertyValueSpecification","valueRequired":true,"valueName":"search_term_string"}}],"inLanguage":"en-US"},{"@type":"Organization","@id":"https:\/\/staging.arenapark.ch\/#organization","name":"ARENAPARK.CH","alternateName":"PARKING COINTRIN SERVICE DE PARKING","url":"https:\/\/staging.arenapark.ch\/","logo":{"@type":"ImageObject","inLanguage":"en-US","@id":"https:\/\/staging.arenapark.ch\/#\/schema\/logo\/image\/","url":"https:\/\/172.31.40.247\/wp-content\/uploads\/2023\/07\/cropped-cropped-FaviconArenaPark.png","contentUrl":"https:\/\/172.31.40.247\/wp-content\/uploads\/2023\/07\/cropped-cropped-FaviconArenaPark.png","width":512,"height":512,"caption":"ARENAPARK.CH"},"image":{"@id":"https:\/\/staging.arenapark.ch\/#\/schema\/logo\/image\/"},"sameAs":["https:\/\/www.facebook.com\/arenapark.ch\/","https:\/\/www.instagram.com\/arenapark2019\/"]}]}},"_links":{"self":[{"href":"https:\/\/staging.arenapark.ch\/en\/wp-json\/wp\/v2\/pages\/6455","targetHints":{"allow":["GET"]}}],"collection":[{"href":"https:\/\/staging.arenapark.ch\/en\/wp-json\/wp\/v2\/pages"}],"about":[{"href":"https:\/\/staging.arenapark.ch\/en\/wp-json\/wp\/v2\/types\/page"}],"author":[{"embeddable":true,"href":"https:\/\/staging.arenapark.ch\/en\/wp-json\/wp\/v2\/users\/4"}],"replies":[{"embeddable":true,"href":"https:\/\/staging.arenapark.ch\/en\/wp-json\/wp\/v2\/comments?post=6455"}],"version-history":[{"count":2,"href":"https:\/\/staging.arenapark.ch\/en\/wp-json\/wp\/v2\/pages\/6455\/revisions"}],"predecessor-version":[{"id":6457,"href":"https:\/\/staging.arenapark.ch\/en\/wp-json\/wp\/v2\/pages\/6455\/revisions\/6457"}],"wp:attachment":[{"href":"https:\/\/staging.arenapark.ch\/en\/wp-json\/wp\/v2\/media?parent=6455"}],"curies":[{"name":"wp","href":"https:\/\/api.w.org\/{rel}","templated":true}]}}