{"id":3561,"date":"2023-05-16T20:13:17","date_gmt":"2023-05-16T18:13:17","guid":{"rendered":"https:\/\/staging.arenapark.ch\/produit\/parking-services\/"},"modified":"2024-03-26T10:43:36","modified_gmt":"2024-03-26T09:43:36","slug":"parking-services","status":"publish","type":"product","link":"https:\/\/staging.arenapark.ch\/en\/produit\/parking-services\/","title":{"rendered":"PARKING SERVICES"},"content":{"rendered":"&#13;\n<h3 id=\"p_page2\" class=\"wp-block-heading has-text-align-center\"><strong>TRANSFERT POUR L&#8217;A\u00c9ROPORT GEN\u00c8VE<\/strong><\/h3>&#13;<div id=\"encabezado\" class=\"encabezado\">Parking situ\u00e9 <strong>\u00e0 3 minutes <\/strong>de l&#8217;a\u00e9roport de Gen\u00e8ve Vous d\u00e9posez votre v\u00e9hicule dans notre parking priv\u00e9. Il stationnera ensuite dans un parking couvert et s\u00e9curis\u00e9. En votre absence, vos clefs de voiture devront rester \u00e0 la r\u00e9ception du parking. Le point de rendez-vous avec notre voiturier sera \u00e0 l&#8217;entr\u00e9e de notre parking priv\u00e9 situ\u00e9 \u00e0 3 minutes de l&#8217;A\u00e9roport Gen\u00e8ve \u00e0 l&#8217;adresse suivante: \n<p id=\"texto_direcction\" style=\"text-align: center;\"><strong>Chemin de l&#8217;Avanchet 26 CP 1216 Cointrin &#8211; Gen\u00e8ve Parking situ\u00e9 \u00e0 3 min de L&#8217;A\u00e9roport Gen\u00e8ve<\/strong><\/p>\n<\/div>&#13;\n<p><a id=\"letras_info\" class=\"headings\" title=\"information\"><\/a><strong>PLUS D&#8217;INFO<\/strong><\/p>&#13;<div id=\"sub1\" class=\"bloques\">\n<h3><strong>Pr\u00e9sentation<\/strong><\/h3>\nParking situ\u00e9 \u00e0 3 minutes de l&#8217;a\u00e9roport de Gen\u00e8ve et recommand\u00e9 aux clients venant de Suisse, en raison de sa situation g\u00e9ographique. Ce parking ext\u00e9rieur est provisoire; en effet, apr\u00e8s y avoir gar\u00e9 votre voiture, et tandis qu&#8217;une navette gratuite vous acheminera vers l&#8217;a\u00e9roport, un membre du personnel du parking conduira votre v\u00e9hicule dans un parking int\u00e9rieur situ\u00e9 \u00e0 4 km de l\u00e0 et o\u00f9 il restera stationn\u00e9 pendant toute la dur\u00e9e de votre voyage. Ce parking souterrain s\u00e9curis\u00e9 est accessible par une barri\u00e8re. Il est muni d&#8217;\u00e9clairage, d&#8217;un syst\u00e8me d&#8217;alarme et de cam\u00e9ras de surveillance. De plus, un gardien est pr\u00e9sent 24h\/24. Le jour de votre retour, votre voiture vous sera restitu\u00e9e sur le parking ext\u00e9rieur o\u00f9 vous l&#8217;avez gar\u00e9e.\n<h3><strong>Pourquoi R\u00e9server Cette Place de Parking?<\/strong><\/h3>\n<ul>\n<li>Vous d\u00e9posez votre v\u00e9hicule sur un parking \u00e0 3 minutes de l&#8217;a\u00e9roport<\/li>\n<li>Il stationnera ensuite dans un parking couvert et s\u00e9curis\u00e9<\/li>\n<li>Navette gratuite pour l&#8217;a\u00e9roport &#038; retour. Dur\u00e9e du trajet: 3 min.<\/li>\n<li>Parking souterrain muni d&#8217;un syst\u00e8me d&#8217;alarme et de cam\u00e9ras vid\u00e9o<\/li>\n<li>Vous devrez laisser vos clefs de voiture au parking<\/li>\n<\/ul>\n<h3><strong>Information Handicap\u00e9s<\/strong><\/h3>\nPas d&#8217;am\u00e9nagement particulier pour personnes handicap\u00e9es\n<h3><strong>Informations compl\u00e9mentaires<\/strong><\/h3>\nLe jour de votre d\u00e9part, pensez \u00e0 vous munir de votre confirmation de r\u00e9servation et pr\u00e9senter 2h00 avant de votre d\u00e9collage. Pri\u00e8re de noter que vous devrez remettre vos clefs de voiture \u00e0 un membre du personnel du parking. Le jour de votre voyage, pensez \u00e0 vous munir de votre confirmation de r\u00e9servation. Une assurance-parking, en cas de retard ou d&#8217;annulation de votre vol, est incluse dans les tarifs.\n<h3><strong>Ubication parking<\/strong><\/h3>\n<div id=\"map\" class=\"map\"><iframe src=\"https:\/\/www.google.com\/maps\/embed?pb=!1m18!1m12!1m3!1d2760.366832109079!2d6.104919915837731!3d46.22304929050746!2m3!1f0!2f0!3f0!3m2!1i1024!2i768!4f13.1!3m3!1m2!1s0x478c64995cb9992d%3A0x567202940159e779!2sChem.%20de%20l'Avanchet%2026%2C%201216%20Cointrin!5e0!3m2!1sen!2sch!4v1656523698755!5m2!1sen!2sch\" width=\"100%\" height=\"350\" frameborder=\"0\" allowfullscreen=\"allowfullscreen\"><\/iframe><\/div>\n<\/div>&#13;\n<p>Notre Service fonctionne de <strong>04h00<\/strong> au <strong>00h55 .<\/strong> Toute l&#8217;ann\u00e9e<\/p>&#13;&#13;\n<p>Notre site internet : <strong>www.<span id=\"arena\">arena<\/span><span id=\"park\">park<\/span>.ch<\/strong> Vous permet de r\u00e9server notre service \u00e0 toute moment ! <strong>24h \/ 24 h<\/strong> &#8211; <strong>7 jour \/ 7 jour<\/strong>.<\/p>&#13;&#13;\n<p>Nos parkings \u00e9tant limit\u00e9s, pensez \u00e0 r\u00e9server le plus t\u00f4t possible afin d\u2019\u00eatre s\u00fbr d\u2019avoir une place de parking.<\/p>&#13;&#13;\n<p>Vous pouvez r\u00e9server par t\u00e9l\u00e9phone minimum<strong> 3h00<\/strong> avant de votre d\u00e9collage au<strong> Bureau <\/strong>022 840 8350 ou 079 170 8350<\/p>","protected":false},"excerpt":{"rendered":"<p><strong>R\u00c9SERVEZ VOTRE PARKING<\/strong><\/p>\n","protected":false},"featured_media":1657,"template":"","meta":[],"product_brand":[],"product_cat":[38],"product_tag":[],"class_list":{"0":"post-3561","1":"product","2":"type-product","3":"status-publish","4":"has-post-thumbnail","6":"product_cat-non-classifiee","8":"first","9":"instock","10":"virtual","11":"sold-individually","12":"taxable","13":"purchasable","14":"product-type-booking"},"yoast_head":"<!-- This site is optimized with the Yoast SEO plugin v24.9 - https:\/\/yoast.com\/wordpress\/plugins\/seo\/ -->\n<title>PARKING AEROPORT DE GENEVE<\/title>\n<meta name=\"description\" content=\"ARENAPARK.CH - Service de parking officiel \u00e0 l&#039;A\u00e9roport Gen\u00e8ve. Service 24 \/ 24. Parking \u00e0 3 minutes de l&#039;A\u00e9roport. Prix \u00e9conomique. R\u00e9servez d\u00e8s maintenant\" \/>\n<meta name=\"robots\" content=\"noindex, follow, max-snippet:-1, max-image-preview:large, max-video-preview:-1\" \/>\n<meta property=\"og:locale\" content=\"en_US\" \/>\n<meta property=\"og:type\" content=\"article\" \/>\n<meta property=\"og:title\" content=\"PARKING AEROPORT DE GENEVE\" \/>\n<meta property=\"og:description\" content=\"ARENAPARK.CH - Service de parking officiel \u00e0 l&#039;A\u00e9roport Gen\u00e8ve. Service 24 \/ 24. Parking \u00e0 3 minutes de l&#039;A\u00e9roport. Prix \u00e9conomique. R\u00e9servez d\u00e8s maintenant\" \/>\n<meta property=\"og:url\" content=\"https:\/\/staging.arenapark.ch\/en\/produit\/parking-services\/\" \/>\n<meta property=\"og:site_name\" content=\"ARENAPARK.CH\" \/>\n<meta property=\"article:publisher\" content=\"https:\/\/www.facebook.com\/arenapark.ch\/\" \/>\n<meta property=\"article:modified_time\" content=\"2024-03-26T09:43:36+00:00\" \/>\n<meta property=\"og:image\" content=\"https:\/\/staging.arenapark.ch\/wp-content\/uploads\/2023\/05\/parking_cointrin1.jpg\" \/>\n\t<meta property=\"og:image:width\" content=\"974\" \/>\n\t<meta property=\"og:image:height\" content=\"720\" \/>\n\t<meta property=\"og:image:type\" content=\"image\/jpeg\" \/>\n<meta name=\"twitter:card\" content=\"summary_large_image\" \/>\n<meta name=\"twitter:label1\" content=\"Est. reading time\" \/>\n\t<meta name=\"twitter:data1\" content=\"2 minutes\" \/>\n<script type=\"application\/ld+json\" class=\"yoast-schema-graph\">{\"@context\":\"https:\/\/schema.org\",\"@graph\":[{\"@type\":\"WebPage\",\"@id\":\"https:\/\/staging.arenapark.ch\/en\/produit\/parking-services\/\",\"url\":\"https:\/\/staging.arenapark.ch\/en\/produit\/parking-services\/\",\"name\":\"PARKING AEROPORT DE GENEVE\",\"isPartOf\":{\"@id\":\"https:\/\/staging.arenapark.ch\/#website\"},\"primaryImageOfPage\":{\"@id\":\"https:\/\/staging.arenapark.ch\/en\/produit\/parking-services\/#primaryimage\"},\"image\":{\"@id\":\"https:\/\/staging.arenapark.ch\/en\/produit\/parking-services\/#primaryimage\"},\"thumbnailUrl\":\"https:\/\/staging.arenapark.ch\/wp-content\/uploads\/2023\/05\/parking_cointrin1.jpg\",\"datePublished\":\"2023-05-16T18:13:17+00:00\",\"dateModified\":\"2024-03-26T09:43:36+00:00\",\"description\":\"ARENAPARK.CH - Service de parking officiel \u00e0 l'A\u00e9roport Gen\u00e8ve. Service 24 \/ 24. Parking \u00e0 3 minutes de l'A\u00e9roport. Prix \u00e9conomique. R\u00e9servez d\u00e8s maintenant\",\"breadcrumb\":{\"@id\":\"https:\/\/staging.arenapark.ch\/en\/produit\/parking-services\/#breadcrumb\"},\"inLanguage\":\"en-US\",\"potentialAction\":[{\"@type\":\"ReadAction\",\"target\":[\"https:\/\/staging.arenapark.ch\/en\/produit\/parking-services\/\"]}]},{\"@type\":\"ImageObject\",\"inLanguage\":\"en-US\",\"@id\":\"https:\/\/staging.arenapark.ch\/en\/produit\/parking-services\/#primaryimage\",\"url\":\"https:\/\/staging.arenapark.ch\/wp-content\/uploads\/2023\/05\/parking_cointrin1.jpg\",\"contentUrl\":\"https:\/\/staging.arenapark.ch\/wp-content\/uploads\/2023\/05\/parking_cointrin1.jpg\",\"width\":974,\"height\":720},{\"@type\":\"BreadcrumbList\",\"@id\":\"https:\/\/staging.arenapark.ch\/en\/produit\/parking-services\/#breadcrumb\",\"itemListElement\":[{\"@type\":\"ListItem\",\"position\":1,\"name\":\"Home\",\"item\":\"https:\/\/staging.arenapark.ch\/\"},{\"@type\":\"ListItem\",\"position\":2,\"name\":\"Shop\",\"item\":\"https:\/\/staging.arenapark.ch\/en\/shop-2\/\"},{\"@type\":\"ListItem\",\"position\":3,\"name\":\"PARKING SERVICES\"}]},{\"@type\":\"WebSite\",\"@id\":\"https:\/\/staging.arenapark.ch\/#website\",\"url\":\"https:\/\/staging.arenapark.ch\/\",\"name\":\"ARENAPARK.CH\",\"description\":\"PARKING A\u00c9ROPORT DE GEN\u00c8VE\",\"publisher\":{\"@id\":\"https:\/\/staging.arenapark.ch\/#organization\"},\"alternateName\":\"ARENA PARKING SERVICE DE PARKING\",\"potentialAction\":[{\"@type\":\"SearchAction\",\"target\":{\"@type\":\"EntryPoint\",\"urlTemplate\":\"https:\/\/staging.arenapark.ch\/?s={search_term_string}\"},\"query-input\":{\"@type\":\"PropertyValueSpecification\",\"valueRequired\":true,\"valueName\":\"search_term_string\"}}],\"inLanguage\":\"en-US\"},{\"@type\":\"Organization\",\"@id\":\"https:\/\/staging.arenapark.ch\/#organization\",\"name\":\"ARENAPARK.CH\",\"alternateName\":\"PARKING COINTRIN SERVICE DE PARKING\",\"url\":\"https:\/\/staging.arenapark.ch\/\",\"logo\":{\"@type\":\"ImageObject\",\"inLanguage\":\"en-US\",\"@id\":\"https:\/\/staging.arenapark.ch\/#\/schema\/logo\/image\/\",\"url\":\"https:\/\/172.31.40.247\/wp-content\/uploads\/2023\/07\/cropped-cropped-FaviconArenaPark.png\",\"contentUrl\":\"https:\/\/172.31.40.247\/wp-content\/uploads\/2023\/07\/cropped-cropped-FaviconArenaPark.png\",\"width\":512,\"height\":512,\"caption\":\"ARENAPARK.CH\"},\"image\":{\"@id\":\"https:\/\/staging.arenapark.ch\/#\/schema\/logo\/image\/\"},\"sameAs\":[\"https:\/\/www.facebook.com\/arenapark.ch\/\",\"https:\/\/www.instagram.com\/arenapark2019\/\"]}]}<\/script>\n<!-- \/ Yoast SEO plugin. -->","yoast_head_json":{"title":"PARKING AEROPORT DE GENEVE","description":"ARENAPARK.CH - Service de parking officiel \u00e0 l'A\u00e9roport Gen\u00e8ve. Service 24 \/ 24. Parking \u00e0 3 minutes de l'A\u00e9roport. Prix \u00e9conomique. R\u00e9servez d\u00e8s maintenant","robots":{"index":"noindex","follow":"follow","max-snippet":"max-snippet:-1","max-image-preview":"max-image-preview:large","max-video-preview":"max-video-preview:-1"},"og_locale":"en_US","og_type":"article","og_title":"PARKING AEROPORT DE GENEVE","og_description":"ARENAPARK.CH - Service de parking officiel \u00e0 l'A\u00e9roport Gen\u00e8ve. Service 24 \/ 24. Parking \u00e0 3 minutes de l'A\u00e9roport. Prix \u00e9conomique. R\u00e9servez d\u00e8s maintenant","og_url":"https:\/\/staging.arenapark.ch\/en\/produit\/parking-services\/","og_site_name":"ARENAPARK.CH","article_publisher":"https:\/\/www.facebook.com\/arenapark.ch\/","article_modified_time":"2024-03-26T09:43:36+00:00","og_image":[{"width":974,"height":720,"url":"https:\/\/staging.arenapark.ch\/wp-content\/uploads\/2023\/05\/parking_cointrin1.jpg","type":"image\/jpeg"}],"twitter_card":"summary_large_image","twitter_misc":{"Est. reading time":"2 minutes"},"schema":{"@context":"https:\/\/schema.org","@graph":[{"@type":"WebPage","@id":"https:\/\/staging.arenapark.ch\/en\/produit\/parking-services\/","url":"https:\/\/staging.arenapark.ch\/en\/produit\/parking-services\/","name":"PARKING AEROPORT DE GENEVE","isPartOf":{"@id":"https:\/\/staging.arenapark.ch\/#website"},"primaryImageOfPage":{"@id":"https:\/\/staging.arenapark.ch\/en\/produit\/parking-services\/#primaryimage"},"image":{"@id":"https:\/\/staging.arenapark.ch\/en\/produit\/parking-services\/#primaryimage"},"thumbnailUrl":"https:\/\/staging.arenapark.ch\/wp-content\/uploads\/2023\/05\/parking_cointrin1.jpg","datePublished":"2023-05-16T18:13:17+00:00","dateModified":"2024-03-26T09:43:36+00:00","description":"ARENAPARK.CH - Service de parking officiel \u00e0 l'A\u00e9roport Gen\u00e8ve. Service 24 \/ 24. Parking \u00e0 3 minutes de l'A\u00e9roport. Prix \u00e9conomique. R\u00e9servez d\u00e8s maintenant","breadcrumb":{"@id":"https:\/\/staging.arenapark.ch\/en\/produit\/parking-services\/#breadcrumb"},"inLanguage":"en-US","potentialAction":[{"@type":"ReadAction","target":["https:\/\/staging.arenapark.ch\/en\/produit\/parking-services\/"]}]},{"@type":"ImageObject","inLanguage":"en-US","@id":"https:\/\/staging.arenapark.ch\/en\/produit\/parking-services\/#primaryimage","url":"https:\/\/staging.arenapark.ch\/wp-content\/uploads\/2023\/05\/parking_cointrin1.jpg","contentUrl":"https:\/\/staging.arenapark.ch\/wp-content\/uploads\/2023\/05\/parking_cointrin1.jpg","width":974,"height":720},{"@type":"BreadcrumbList","@id":"https:\/\/staging.arenapark.ch\/en\/produit\/parking-services\/#breadcrumb","itemListElement":[{"@type":"ListItem","position":1,"name":"Home","item":"https:\/\/staging.arenapark.ch\/"},{"@type":"ListItem","position":2,"name":"Shop","item":"https:\/\/staging.arenapark.ch\/en\/shop-2\/"},{"@type":"ListItem","position":3,"name":"PARKING SERVICES"}]},{"@type":"WebSite","@id":"https:\/\/staging.arenapark.ch\/#website","url":"https:\/\/staging.arenapark.ch\/","name":"ARENAPARK.CH","description":"PARKING A\u00c9ROPORT DE GEN\u00c8VE","publisher":{"@id":"https:\/\/staging.arenapark.ch\/#organization"},"alternateName":"ARENA PARKING SERVICE DE PARKING","potentialAction":[{"@type":"SearchAction","target":{"@type":"EntryPoint","urlTemplate":"https:\/\/staging.arenapark.ch\/?s={search_term_string}"},"query-input":{"@type":"PropertyValueSpecification","valueRequired":true,"valueName":"search_term_string"}}],"inLanguage":"en-US"},{"@type":"Organization","@id":"https:\/\/staging.arenapark.ch\/#organization","name":"ARENAPARK.CH","alternateName":"PARKING COINTRIN SERVICE DE PARKING","url":"https:\/\/staging.arenapark.ch\/","logo":{"@type":"ImageObject","inLanguage":"en-US","@id":"https:\/\/staging.arenapark.ch\/#\/schema\/logo\/image\/","url":"https:\/\/172.31.40.247\/wp-content\/uploads\/2023\/07\/cropped-cropped-FaviconArenaPark.png","contentUrl":"https:\/\/172.31.40.247\/wp-content\/uploads\/2023\/07\/cropped-cropped-FaviconArenaPark.png","width":512,"height":512,"caption":"ARENAPARK.CH"},"image":{"@id":"https:\/\/staging.arenapark.ch\/#\/schema\/logo\/image\/"},"sameAs":["https:\/\/www.facebook.com\/arenapark.ch\/","https:\/\/www.instagram.com\/arenapark2019\/"]}]}},"_links":{"self":[{"href":"https:\/\/staging.arenapark.ch\/en\/wp-json\/wp\/v2\/product\/3561","targetHints":{"allow":["GET"]}}],"collection":[{"href":"https:\/\/staging.arenapark.ch\/en\/wp-json\/wp\/v2\/product"}],"about":[{"href":"https:\/\/staging.arenapark.ch\/en\/wp-json\/wp\/v2\/types\/product"}],"wp:featuredmedia":[{"embeddable":true,"href":"https:\/\/staging.arenapark.ch\/en\/wp-json\/wp\/v2\/media\/1657"}],"wp:attachment":[{"href":"https:\/\/staging.arenapark.ch\/en\/wp-json\/wp\/v2\/media?parent=3561"}],"wp:term":[{"taxonomy":"product_brand","embeddable":true,"href":"https:\/\/staging.arenapark.ch\/en\/wp-json\/wp\/v2\/product_brand?post=3561"},{"taxonomy":"product_cat","embeddable":true,"href":"https:\/\/staging.arenapark.ch\/en\/wp-json\/wp\/v2\/product_cat?post=3561"},{"taxonomy":"product_tag","embeddable":true,"href":"https:\/\/staging.arenapark.ch\/en\/wp-json\/wp\/v2\/product_tag?post=3561"}],"curies":[{"name":"wp","href":"https:\/\/api.w.org\/{rel}","templated":true}]}}